{"id":669,"date":"2025-09-15T10:04:35","date_gmt":"2025-09-15T08:04:35","guid":{"rendered":"https:\/\/folagility.com\/impressum-german\/"},"modified":"2026-02-10T11:04:04","modified_gmt":"2026-02-10T10:04:04","slug":"impressum-german","status":"publish","type":"page","link":"https:\/\/folagility.com\/en\/impressum-german\/","title":{"rendered":"Imprint"},"content":{"rendered":"\t\t<div data-elementor-type=\"wp-page\" data-elementor-id=\"669\" class=\"elementor elementor-669 elementor-591\" data-elementor-post-type=\"page\">\n\t\t\t\t<div class=\"elementor-element elementor-element-52c3aef e-flex e-con-boxed e-con e-parent\" data-id=\"52c3aef\" data-element_type=\"container\" data-e-type=\"container\">\n\t\t\t\t\t<div class=\"e-con-inner\">\n\t\t\t\t<div class=\"elementor-element elementor-element-9938e87 elementor-widget elementor-widget-heading\" data-id=\"9938e87\" data-element_type=\"widget\" data-e-type=\"widget\" data-widget_type=\"heading.default\">\n\t\t\t\t<div class=\"elementor-widget-container\">\n\t\t\t\t\t<h2 class=\"elementor-heading-title elementor-size-default\">Impressum (German)<\/h2>\t\t\t\t<\/div>\n\t\t\t\t<\/div>\n\t\t\t\t<div class=\"elementor-element elementor-element-63e3116 elementor-widget elementor-widget-text-editor\" data-id=\"63e3116\" data-element_type=\"widget\" data-e-type=\"widget\" data-widget_type=\"text-editor.default\">\n\t\t\t\t<div class=\"elementor-widget-container\">\n\t\t\t\t\t\t\t\t\t<p>Folagility GmbH<br>Heinz-Kerneck-Str. 8<br>28307 Bremen<\/p><p>Email <a href=\"mailto:info@folagility.com\">info@folagility.com<\/a><\/p><p>Anfragen in Bezug auf den Datenschutz senden Sie bitte an: <a href=\"info@folagility.com\">info@folagility.com<\/a><\/p><p>Registered office: Bremen:<br>Commercial Register: HRB 41654 HB <br>VAT ID No.: DE 455 691 232 <br>Tax number: 60\/112\/05087<\/p><p>Inhaltlich Verantwortlicher gem\u00e4\u00df \u00a7 10 Absatz 3 MDStV: Kai Tolksdorf<\/p><p>Gesch\u00e4ftsf\u00fchrer<br>Ren\u00e9 Arndt, Kai Tolksdorf<\/p>\t\t\t\t\t\t\t\t<\/div>\n\t\t\t\t<\/div>\n\t\t\t\t\t<\/div>\n\t\t\t\t<\/div>\n\t\t\t\t<\/div>\n\t\t","protected":false},"excerpt":{"rendered":"<p>Impressum (German) Folagility GmbHHeinz-Kerneck-Str. 828307 Bremen Email info@folagility.com Anfragen in Bezug auf den Datenschutz senden Sie bitte an: info@folagility.com Registered office: Bremen:Commercial Register: HRB 41654 HB VAT ID No.: DE 455 691 232 Tax number: 60\/112\/05087 Inhaltlich Verantwortlicher gem\u00e4\u00df \u00a7 10 Absatz 3 MDStV: Kai Tolksdorf Gesch\u00e4ftsf\u00fchrerRen\u00e9 Arndt, Kai Tolksdorf<\/p>\n","protected":false},"author":1,"featured_media":0,"parent":0,"menu_order":0,"comment_status":"closed","ping_status":"closed","template":"","meta":{"footnotes":""},"class_list":["post-669","page","type-page","status-publish","hentry"],"_links":{"self":[{"href":"https:\/\/folagility.com\/en\/wp-json\/wp\/v2\/pages\/669","targetHints":{"allow":["GET"]}}],"collection":[{"href":"https:\/\/folagility.com\/en\/wp-json\/wp\/v2\/pages"}],"about":[{"href":"https:\/\/folagility.com\/en\/wp-json\/wp\/v2\/types\/page"}],"author":[{"embeddable":true,"href":"https:\/\/folagility.com\/en\/wp-json\/wp\/v2\/users\/1"}],"replies":[{"embeddable":true,"href":"https:\/\/folagility.com\/en\/wp-json\/wp\/v2\/comments?post=669"}],"version-history":[{"count":4,"href":"https:\/\/folagility.com\/en\/wp-json\/wp\/v2\/pages\/669\/revisions"}],"predecessor-version":[{"id":683,"href":"https:\/\/folagility.com\/en\/wp-json\/wp\/v2\/pages\/669\/revisions\/683"}],"wp:attachment":[{"href":"https:\/\/folagility.com\/en\/wp-json\/wp\/v2\/media?parent=669"}],"curies":[{"name":"wp","href":"https:\/\/api.w.org\/{rel}","templated":true}]}}